{"id":116,"date":"2024-06-15T07:36:13","date_gmt":"2024-06-15T12:36:13","guid":{"rendered":"https:\/\/formifibras.co\/?post_type=product&#038;p=116"},"modified":"2024-06-15T07:36:14","modified_gmt":"2024-06-15T12:36:14","slug":"jacuzzi-para-2-personas","status":"publish","type":"product","link":"https:\/\/formifibras.co\/index.php\/product\/jacuzzi-para-2-personas\/","title":{"rendered":"JACUZZIS AIMEDA"},"content":{"rendered":"<h2>\u00a0los Jacuzzis para 2 Personas<\/h2>\n<p>En el mundo del bienestar y la relajaci\u00f3n, los jacuzzis para 2 personas representan una opci\u00f3n ideal para quienes buscan disfrutar de una experiencia de lujo en la comodidad de su hogar. Estos jacuzzis no solo ofrecen un espacio perfecto para relajarse, sino que tambi\u00e9n proporcionan una serie de beneficios para la salud, que incluyen mejor circulaci\u00f3n, alivio del estr\u00e9s y reducci\u00f3n del dolor muscular.<\/p>\n<h2>Caracter\u00edsticas Principales<\/h2>\n<p>Los jacuzzis para 2 personas est\u00e1n dise\u00f1ados para brindar el m\u00e1ximo confort y relajaci\u00f3n. Entre sus caracter\u00edsticas principales se encuentran los asientos ergon\u00f3micos, chorros de agua ajustables, y sistemas de iluminaci\u00f3n LED que crean una atm\u00f3sfera \u00fanica. Adem\u00e1s, muchos modelos incluyen funciones avanzadas como control de temperatura, sistemas de m\u00fasica integrados y opciones de masaje personalizables.<\/p>\n<h2>Beneficios de los Jacuzzis para 2 Personas<\/h2>\n<p>Optar por un jacuzzi para 2 personas trae consigo m\u00faltiples beneficios. En primer lugar, fomenta la conexi\u00f3n y el tiempo de calidad entre parejas. Adem\u00e1s, el uso regular de jacuzzis puede contribuir significativamente a mejorar la salud mental y f\u00edsica, promoviendo una sensaci\u00f3n general de bienestar. El entorno \u00edntimo y relajante tambi\u00e9n es perfecto para disfrutar de momentos de tranquilidad y rejuvenecimiento.<\/p>\n<h2>Conclusi\u00f3n<\/h2>\n<p>Invertir en un jacuzzi para 2 personas es una excelente manera de agregar un toque de lujo y confort a tu hogar. Con sus m\u00faltiples beneficios para la salud y sus caracter\u00edsticas avanzadas, estos jacuzzis son la elecci\u00f3n perfecta para quienes desean disfrutar de una experiencia de spa sin salir de casa. No esperes m\u00e1s para transformar tu espacio y disfrutar de todo lo que un jacuzzi para 2 personas tiene para ofrecer.<\/p>\n","protected":false},"excerpt":{"rendered":"<p><strong><em>JACUZZI ALMEDA 1.50 X 1.50 X 0.50<br \/>\nCONSTA DE 1 TINA PARA 2 PERSONAS EN FIBRA DE VIDRIO COLOR A ELECCI\u00d3N<br \/>\nEQUIPO BASICO<br \/>\n6 HIDROJETS<br \/>\n1CONTROL DE AIRE<br \/>\n1 REJILLA DE SUCCI\u00d3N<br \/>\n1 BOTONES DE ENCENDIDO<br \/>\n1 MOTOBOMBA DE 1 HP.<br \/>\n1 MANTENEDOR DE TEMPERATURA<br \/>\n1 DESAG\u00dcE DE GIRO CON REBOCE<br \/>\nENSAMBLADO EN MANGUERA FLEXIBLE AMERICANA<br \/>\nFULL EQUIPO<br \/>\n1 MOTOR BLOWER DE 1HP<br \/>\n6 AERO MASAJES<br \/>\n1 REFLECTOR LED DE COLORES<br \/>\n2 BOTONES DE ENCENDIDO<br \/>\n1 GRIFER\u00cdA<br \/>\n2 ALMOHADILLAS<br \/>\n1 MANIJA<br \/>\n1 ESTRUCTURA MET\u00c1LICA Y FRENTE EN FIBRA DE VIDRIO<\/em><\/strong><\/p>\n","protected":false},"featured_media":117,"comment_status":"open","ping_status":"closed","template":"","meta":[],"product_brand":[],"product_cat":[18],"product_tag":[],"class_list":{"0":"post-116","1":"product","2":"type-product","3":"status-publish","4":"has-post-thumbnail","6":"product_cat-jacuzzis-para-2-personas","8":"first","9":"instock","10":"shipping-taxable","11":"product-type-simple","12":"add-to-wishlist-after_add_to_cart"},"aioseo_notices":[],"_links":{"self":[{"href":"https:\/\/formifibras.co\/index.php\/wp-json\/wp\/v2\/product\/116","targetHints":{"allow":["GET"]}}],"collection":[{"href":"https:\/\/formifibras.co\/index.php\/wp-json\/wp\/v2\/product"}],"about":[{"href":"https:\/\/formifibras.co\/index.php\/wp-json\/wp\/v2\/types\/product"}],"replies":[{"embeddable":true,"href":"https:\/\/formifibras.co\/index.php\/wp-json\/wp\/v2\/comments?post=116"}],"wp:featuredmedia":[{"embeddable":true,"href":"https:\/\/formifibras.co\/index.php\/wp-json\/wp\/v2\/media\/117"}],"wp:attachment":[{"href":"https:\/\/formifibras.co\/index.php\/wp-json\/wp\/v2\/media?parent=116"}],"wp:term":[{"taxonomy":"product_brand","embeddable":true,"href":"https:\/\/formifibras.co\/index.php\/wp-json\/wp\/v2\/product_brand?post=116"},{"taxonomy":"product_cat","embeddable":true,"href":"https:\/\/formifibras.co\/index.php\/wp-json\/wp\/v2\/product_cat?post=116"},{"taxonomy":"product_tag","embeddable":true,"href":"https:\/\/formifibras.co\/index.php\/wp-json\/wp\/v2\/product_tag?post=116"}],"curies":[{"name":"wp","href":"https:\/\/api.w.org\/{rel}","templated":true}]}}